{"id":2,"date":"2020-11-18T16:43:14","date_gmt":"2020-11-18T15:43:14","guid":{"rendered":"http:\/\/maisondeslyceennes.fr\/?page_id=2"},"modified":"2026-03-19T13:55:03","modified_gmt":"2026-03-19T12:55:03","slug":"page-d-exemple","status":"publish","type":"page","link":"https:\/\/maisondeslyceennes.fr\/","title":{"rendered":"Accueil"},"content":{"rendered":"\n<figure class=\"wp-block-gallery has-nested-images columns-default is-cropped wp-block-gallery-1 is-layout-flex wp-block-gallery-is-layout-flex\">\n<figure class=\"wp-block-image size-full\"><img loading=\"lazy\" decoding=\"async\" width=\"2000\" height=\"730\" data-id=\"3521\" src=\"https:\/\/maisondeslyceennes.fr\/wp-content\/uploads\/2026\/03\/1540473615-1.jpg\" alt=\"\" class=\"wp-image-3521\" srcset=\"https:\/\/maisondeslyceennes.fr\/wp-content\/uploads\/2026\/03\/1540473615-1.jpg 2000w, https:\/\/maisondeslyceennes.fr\/wp-content\/uploads\/2026\/03\/1540473615-1-300x110.jpg 300w, https:\/\/maisondeslyceennes.fr\/wp-content\/uploads\/2026\/03\/1540473615-1-1024x374.jpg 1024w, https:\/\/maisondeslyceennes.fr\/wp-content\/uploads\/2026\/03\/1540473615-1-768x280.jpg 768w, https:\/\/maisondeslyceennes.fr\/wp-content\/uploads\/2026\/03\/1540473615-1-1536x561.jpg 1536w\" sizes=\"auto, (max-width: 2000px) 100vw, 2000px\" \/><\/figure>\n<\/figure>\n\n\n\n<p><\/p>\n\n\n\n<p>Le foyer d\u2019\u00e9tudiantes \u00abLA MAISON DES LYCEENNES\u00bb est ouvert aux jeunes filles qui veulent poursuivre des \u00e9tudes sup\u00e9rieures \u00e0 Paris.<\/p>\n\n\n\n<p>Il est situ\u00e9 \u00e0 proximit\u00e9 imm\u00e9diate des grands Lyc\u00e9es du \u00ab\u00a0Quartier Latin\u00a0\u00bb, de la Sorbonne, des biblioth\u00e8ques Cujas et Sainte-Genevi\u00e8ve et de deux restaurants universitaires. Son cadre agr\u00e9able et tr\u00e8s calme sont des avantages suppl\u00e9mentaires. Il permet ainsi \u00e0 ses R\u00e9sidentes de pr\u00e9parer, sans perte de temps et sans bruits intempestifs de la ville, leurs examens et concours.<\/p>\n\n\n\n<p>Priorit\u00e9 d\u2019acc\u00e8s est donn\u00e9e, \u00e0 \u00e9galit\u00e9 de m\u00e9rite, aux jeunes-filles pr\u00e9sent\u00e9es par les associations membres de l\u2019Union des A (Union des associations d&rsquo;anciens et anciennes \u00e9l\u00e8ves des lyc\u00e9es et coll\u00e8ges fran\u00e7ais, qui g\u00e8re le foyer depuis 1914).<\/p>\n\n\n\n<p>Le foyer accueille des \u00e9tudiants \u00e9trangers (gar\u00e7ons et filles) durant les deux mois d\u2019\u00e9t\u00e9, mais la pr\u00e9sence des r\u00e9sidentes durant le restant de l\u2019ann\u00e9e universitaire rend l\u2019accueil d\u2019\u00e9tudiants du programme Erasmus quasi-impossible. <\/p>\n\n\n\n<hr class=\"wp-block-separator has-css-opacity\"\/>\n\n\n\n<div class=\"wp-block-columns is-layout-flex wp-container-core-columns-is-layout-9d6595d7 wp-block-columns-is-layout-flex\">\n<div class=\"wp-block-column is-layout-flow wp-block-column-is-layout-flow\">\n<p><strong>Moyens d&rsquo;acc\u00e8s<\/strong><\/p>\n\n\n\n<ul class=\"wp-block-list\">\n<li>RER B Luxembourg<\/li>\n\n\n\n<li>Bus ligne 10 Cardinal Lemoine<\/li>\n\n\n\n<li>M\u00e9tro ligne 7 Place Monge<\/li>\n<\/ul>\n<\/div>\n\n\n\n<div class=\"wp-block-column is-layout-flow wp-block-column-is-layout-flow\">\n<p><strong>Etablissements sup\u00e9rieurs proches<\/strong><\/p>\n\n\n\n<ul class=\"wp-block-list\">\n<li>Henri IV<\/li>\n\n\n\n<li>Louis le Grand<\/li>\n\n\n\n<li>Saint Louis<\/li>\n\n\n\n<li>F\u00e9nelon<\/li>\n\n\n\n<li>Sorbonne Universit\u00e9 UPMC<\/li>\n\n\n\n<li>Universit\u00e9 Paris Cit\u00e9 <\/li>\n\n\n\n<li>Universit\u00e9 Paris Sorbonne<\/li>\n\n\n\n<li>Assas<\/li>\n\n\n\n<li>Dauphine<\/li>\n\n\n\n<li>Sciences Po<\/li>\n\n\n\n<li>PSL <\/li>\n\n\n\n<li>L&rsquo;ENSAD<\/li>\n\n\n\n<li>Penninghen<\/li>\n\n\n\n<li>Ecole du Louvre<\/li>\n\n\n\n<li>Ecole publique Estienne ESAIG<\/li>\n\n\n\n<li>L&rsquo;Ecole des Gobelins<\/li>\n<\/ul>\n<\/div>\n\n\n\n<div class=\"wp-block-column is-layout-flow wp-block-column-is-layout-flow\">\n<p><strong>Etudier et s\u2019a\u00e9rer<\/strong><\/p>\n\n\n\n<ul class=\"wp-block-list\">\n<li>Biblioth\u00e8que Cujas<\/li>\n\n\n\n<li>Biblioth\u00e8que Ste Genevi\u00e8ve<\/li>\n\n\n\n<li>2 Restaurants Universitaires<\/li>\n\n\n\n<li>Piscines<\/li>\n\n\n\n<li>Gymnase Amyot<\/li>\n\n\n\n<li>Jardin du Luxembourg<\/li>\n\n\n\n<li>Jardin des Plantes<\/li>\n\n\n\n<li>Rue Mouffetard<\/li>\n<\/ul>\n\n\n\n<p><\/p>\n<\/div>\n<\/div>\n\n\n\n<hr class=\"wp-block-separator has-css-opacity\"\/>\n\n\n\n<p><\/p>\n","protected":false},"excerpt":{"rendered":"<p>Le foyer d\u2019\u00e9tudiantes \u00abLA MAISON DES LYCEENNES\u00bb est ouvert aux jeunes filles qui veulent poursuivre des \u00e9tudes sup\u00e9rieures \u00e0 Paris. Il est situ\u00e9 \u00e0 proximit\u00e9 imm\u00e9diate des grands Lyc\u00e9es du \u00ab\u00a0Quartier Latin\u00a0\u00bb, de la Sorbonne, des biblioth\u00e8ques Cujas et Sainte-Genevi\u00e8ve &hellip; <a href=\"https:\/\/maisondeslyceennes.fr\/\">Continuer la lecture <span class=\"meta-nav\">&rarr;<\/span><\/a><\/p>\n","protected":false},"author":1,"featured_media":0,"parent":0,"menu_order":0,"comment_status":"closed","ping_status":"open","template":"","meta":{"footnotes":""},"class_list":["post-2","page","type-page","status-publish","hentry"],"yoast_head":"<!-- This site is optimized with the Yoast SEO plugin v27.5 - https:\/\/yoast.com\/product\/yoast-seo-wordpress\/ -->\n<title>Accueil -<\/title>\n<meta name=\"robots\" content=\"index, follow, max-snippet:-1, max-image-preview:large, max-video-preview:-1\" \/>\n<link rel=\"canonical\" href=\"https:\/\/maisondeslyceennes.fr\/\" \/>\n<meta property=\"og:locale\" content=\"fr_FR\" \/>\n<meta property=\"og:type\" content=\"article\" \/>\n<meta property=\"og:title\" content=\"Accueil -\" \/>\n<meta property=\"og:description\" content=\"Le foyer d\u2019\u00e9tudiantes \u00abLA MAISON DES LYCEENNES\u00bb est ouvert aux jeunes filles qui veulent poursuivre des \u00e9tudes sup\u00e9rieures \u00e0 Paris. Il est situ\u00e9 \u00e0 proximit\u00e9 imm\u00e9diate des grands Lyc\u00e9es du \u00ab\u00a0Quartier Latin\u00a0\u00bb, de la Sorbonne, des biblioth\u00e8ques Cujas et Sainte-Genevi\u00e8ve &hellip; Continuer la lecture &rarr;\" \/>\n<meta property=\"og:url\" content=\"https:\/\/maisondeslyceennes.fr\/\" \/>\n<meta property=\"article:publisher\" content=\"https:\/\/www.facebook.com\/groups\/716891688859455\/\" \/>\n<meta property=\"article:modified_time\" content=\"2026-03-19T12:55:03+00:00\" \/>\n<meta property=\"og:image\" content=\"https:\/\/maisondeslyceennes.fr\/wp-content\/uploads\/2026\/03\/1540473615-1.jpg\" \/>\n\t<meta property=\"og:image:width\" content=\"2000\" \/>\n\t<meta property=\"og:image:height\" content=\"730\" \/>\n\t<meta property=\"og:image:type\" content=\"image\/jpeg\" \/>\n<meta name=\"twitter:card\" content=\"summary_large_image\" \/>\n<meta name=\"twitter:label1\" content=\"Dur\u00e9e de lecture estim\u00e9e\" \/>\n\t<meta name=\"twitter:data1\" content=\"2 minutes\" \/>\n<script type=\"application\/ld+json\" class=\"yoast-schema-graph\">{\"@context\":\"https:\\\/\\\/schema.org\",\"@graph\":[{\"@type\":\"WebPage\",\"@id\":\"https:\\\/\\\/maisondeslyceennes.fr\\\/\",\"url\":\"https:\\\/\\\/maisondeslyceennes.fr\\\/\",\"name\":\"Accueil -\",\"isPartOf\":{\"@id\":\"https:\\\/\\\/maisondeslyceennes.fr\\\/#website\"},\"primaryImageOfPage\":{\"@id\":\"https:\\\/\\\/maisondeslyceennes.fr\\\/#primaryimage\"},\"image\":{\"@id\":\"https:\\\/\\\/maisondeslyceennes.fr\\\/#primaryimage\"},\"thumbnailUrl\":\"https:\\\/\\\/maisondeslyceennes.fr\\\/wp-content\\\/uploads\\\/2026\\\/03\\\/1540473615-1.jpg\",\"datePublished\":\"2020-11-18T15:43:14+00:00\",\"dateModified\":\"2026-03-19T12:55:03+00:00\",\"breadcrumb\":{\"@id\":\"https:\\\/\\\/maisondeslyceennes.fr\\\/#breadcrumb\"},\"inLanguage\":\"fr-FR\",\"potentialAction\":[{\"@type\":\"ReadAction\",\"target\":[\"https:\\\/\\\/maisondeslyceennes.fr\\\/\"]}]},{\"@type\":\"ImageObject\",\"inLanguage\":\"fr-FR\",\"@id\":\"https:\\\/\\\/maisondeslyceennes.fr\\\/#primaryimage\",\"url\":\"https:\\\/\\\/maisondeslyceennes.fr\\\/wp-content\\\/uploads\\\/2026\\\/03\\\/1540473615-1.jpg\",\"contentUrl\":\"https:\\\/\\\/maisondeslyceennes.fr\\\/wp-content\\\/uploads\\\/2026\\\/03\\\/1540473615-1.jpg\",\"width\":2000,\"height\":730},{\"@type\":\"BreadcrumbList\",\"@id\":\"https:\\\/\\\/maisondeslyceennes.fr\\\/#breadcrumb\",\"itemListElement\":[{\"@type\":\"ListItem\",\"position\":1,\"name\":\"Accueil\",\"item\":\"https:\\\/\\\/maisondeslyceennes.fr\\\/\"},{\"@type\":\"ListItem\",\"position\":2,\"name\":\"Accueil\"}]},{\"@type\":\"WebSite\",\"@id\":\"https:\\\/\\\/maisondeslyceennes.fr\\\/#website\",\"url\":\"https:\\\/\\\/maisondeslyceennes.fr\\\/\",\"name\":\"Maison des Lyc\u00e9ennes\",\"description\":\"\",\"publisher\":{\"@id\":\"https:\\\/\\\/maisondeslyceennes.fr\\\/#organization\"},\"potentialAction\":[{\"@type\":\"SearchAction\",\"target\":{\"@type\":\"EntryPoint\",\"urlTemplate\":\"https:\\\/\\\/maisondeslyceennes.fr\\\/?s={search_term_string}\"},\"query-input\":{\"@type\":\"PropertyValueSpecification\",\"valueRequired\":true,\"valueName\":\"search_term_string\"}}],\"inLanguage\":\"fr-FR\"},{\"@type\":\"Organization\",\"@id\":\"https:\\\/\\\/maisondeslyceennes.fr\\\/#organization\",\"name\":\"Union des A\",\"url\":\"https:\\\/\\\/maisondeslyceennes.fr\\\/\",\"logo\":{\"@type\":\"ImageObject\",\"inLanguage\":\"fr-FR\",\"@id\":\"https:\\\/\\\/maisondeslyceennes.fr\\\/#\\\/schema\\\/logo\\\/image\\\/\",\"url\":\"https:\\\/\\\/maisondeslyceennes.fr\\\/wp-content\\\/uploads\\\/2020\\\/11\\\/cropped-bandeau_accueil2-2.jpg\",\"contentUrl\":\"https:\\\/\\\/maisondeslyceennes.fr\\\/wp-content\\\/uploads\\\/2020\\\/11\\\/cropped-bandeau_accueil2-2.jpg\",\"width\":1689,\"height\":338,\"caption\":\"Union des A\"},\"image\":{\"@id\":\"https:\\\/\\\/maisondeslyceennes.fr\\\/#\\\/schema\\\/logo\\\/image\\\/\"},\"sameAs\":[\"https:\\\/\\\/www.facebook.com\\\/groups\\\/716891688859455\\\/\"]}]}<\/script>\n<!-- \/ Yoast SEO plugin. -->","yoast_head_json":{"title":"Accueil -","robots":{"index":"index","follow":"follow","max-snippet":"max-snippet:-1","max-image-preview":"max-image-preview:large","max-video-preview":"max-video-preview:-1"},"canonical":"https:\/\/maisondeslyceennes.fr\/","og_locale":"fr_FR","og_type":"article","og_title":"Accueil -","og_description":"Le foyer d\u2019\u00e9tudiantes \u00abLA MAISON DES LYCEENNES\u00bb est ouvert aux jeunes filles qui veulent poursuivre des \u00e9tudes sup\u00e9rieures \u00e0 Paris. Il est situ\u00e9 \u00e0 proximit\u00e9 imm\u00e9diate des grands Lyc\u00e9es du \u00ab\u00a0Quartier Latin\u00a0\u00bb, de la Sorbonne, des biblioth\u00e8ques Cujas et Sainte-Genevi\u00e8ve &hellip; Continuer la lecture &rarr;","og_url":"https:\/\/maisondeslyceennes.fr\/","article_publisher":"https:\/\/www.facebook.com\/groups\/716891688859455\/","article_modified_time":"2026-03-19T12:55:03+00:00","og_image":[{"width":2000,"height":730,"url":"https:\/\/maisondeslyceennes.fr\/wp-content\/uploads\/2026\/03\/1540473615-1.jpg","type":"image\/jpeg"}],"twitter_card":"summary_large_image","twitter_misc":{"Dur\u00e9e de lecture estim\u00e9e":"2 minutes"},"schema":{"@context":"https:\/\/schema.org","@graph":[{"@type":"WebPage","@id":"https:\/\/maisondeslyceennes.fr\/","url":"https:\/\/maisondeslyceennes.fr\/","name":"Accueil -","isPartOf":{"@id":"https:\/\/maisondeslyceennes.fr\/#website"},"primaryImageOfPage":{"@id":"https:\/\/maisondeslyceennes.fr\/#primaryimage"},"image":{"@id":"https:\/\/maisondeslyceennes.fr\/#primaryimage"},"thumbnailUrl":"https:\/\/maisondeslyceennes.fr\/wp-content\/uploads\/2026\/03\/1540473615-1.jpg","datePublished":"2020-11-18T15:43:14+00:00","dateModified":"2026-03-19T12:55:03+00:00","breadcrumb":{"@id":"https:\/\/maisondeslyceennes.fr\/#breadcrumb"},"inLanguage":"fr-FR","potentialAction":[{"@type":"ReadAction","target":["https:\/\/maisondeslyceennes.fr\/"]}]},{"@type":"ImageObject","inLanguage":"fr-FR","@id":"https:\/\/maisondeslyceennes.fr\/#primaryimage","url":"https:\/\/maisondeslyceennes.fr\/wp-content\/uploads\/2026\/03\/1540473615-1.jpg","contentUrl":"https:\/\/maisondeslyceennes.fr\/wp-content\/uploads\/2026\/03\/1540473615-1.jpg","width":2000,"height":730},{"@type":"BreadcrumbList","@id":"https:\/\/maisondeslyceennes.fr\/#breadcrumb","itemListElement":[{"@type":"ListItem","position":1,"name":"Accueil","item":"https:\/\/maisondeslyceennes.fr\/"},{"@type":"ListItem","position":2,"name":"Accueil"}]},{"@type":"WebSite","@id":"https:\/\/maisondeslyceennes.fr\/#website","url":"https:\/\/maisondeslyceennes.fr\/","name":"Maison des Lyc\u00e9ennes","description":"","publisher":{"@id":"https:\/\/maisondeslyceennes.fr\/#organization"},"potentialAction":[{"@type":"SearchAction","target":{"@type":"EntryPoint","urlTemplate":"https:\/\/maisondeslyceennes.fr\/?s={search_term_string}"},"query-input":{"@type":"PropertyValueSpecification","valueRequired":true,"valueName":"search_term_string"}}],"inLanguage":"fr-FR"},{"@type":"Organization","@id":"https:\/\/maisondeslyceennes.fr\/#organization","name":"Union des A","url":"https:\/\/maisondeslyceennes.fr\/","logo":{"@type":"ImageObject","inLanguage":"fr-FR","@id":"https:\/\/maisondeslyceennes.fr\/#\/schema\/logo\/image\/","url":"https:\/\/maisondeslyceennes.fr\/wp-content\/uploads\/2020\/11\/cropped-bandeau_accueil2-2.jpg","contentUrl":"https:\/\/maisondeslyceennes.fr\/wp-content\/uploads\/2020\/11\/cropped-bandeau_accueil2-2.jpg","width":1689,"height":338,"caption":"Union des A"},"image":{"@id":"https:\/\/maisondeslyceennes.fr\/#\/schema\/logo\/image\/"},"sameAs":["https:\/\/www.facebook.com\/groups\/716891688859455\/"]}]}},"_links":{"self":[{"href":"https:\/\/maisondeslyceennes.fr\/index.php\/wp-json\/wp\/v2\/pages\/2","targetHints":{"allow":["GET"]}}],"collection":[{"href":"https:\/\/maisondeslyceennes.fr\/index.php\/wp-json\/wp\/v2\/pages"}],"about":[{"href":"https:\/\/maisondeslyceennes.fr\/index.php\/wp-json\/wp\/v2\/types\/page"}],"author":[{"embeddable":true,"href":"https:\/\/maisondeslyceennes.fr\/index.php\/wp-json\/wp\/v2\/users\/1"}],"replies":[{"embeddable":true,"href":"https:\/\/maisondeslyceennes.fr\/index.php\/wp-json\/wp\/v2\/comments?post=2"}],"version-history":[{"count":13,"href":"https:\/\/maisondeslyceennes.fr\/index.php\/wp-json\/wp\/v2\/pages\/2\/revisions"}],"predecessor-version":[{"id":3525,"href":"https:\/\/maisondeslyceennes.fr\/index.php\/wp-json\/wp\/v2\/pages\/2\/revisions\/3525"}],"wp:attachment":[{"href":"https:\/\/maisondeslyceennes.fr\/index.php\/wp-json\/wp\/v2\/media?parent=2"}],"curies":[{"name":"wp","href":"https:\/\/api.w.org\/{rel}","templated":true}]}}